{"id":742,"date":"2020-07-29T12:17:40","date_gmt":"2020-07-29T10:17:40","guid":{"rendered":"https:\/\/wieczorekanita.pl\/?post_type=product&#038;p=742"},"modified":"2025-12-28T17:00:46","modified_gmt":"2025-12-28T16:00:46","slug":"konsultacja","status":"publish","type":"product","link":"https:\/\/wieczorekanita.pl\/?product=konsultacja","title":{"rendered":"Konsultacja 1h"},"content":{"rendered":"<p>[et_pb_section fb_built=&#8221;1&#8243; _builder_version=&#8221;3.22&#8243; custom_padding=&#8221;0px||||false|false&#8221;][et_pb_row _builder_version=&#8221;3.25&#8243; background_size=&#8221;initial&#8221; background_position=&#8221;top_left&#8221; background_repeat=&#8221;repeat&#8221; width=&#8221;100%&#8221;][et_pb_column type=&#8221;4_4&#8243; _builder_version=&#8221;3.25&#8243; custom_padding=&#8221;|||&#8221; custom_padding__hover=&#8221;|||&#8221;][et_pb_button button_url=&#8221;https:\/\/calendly.com\/wieczorek-anita\/konsultacja&#8221; url_new_window=&#8221;on&#8221; button_text=&#8221;Rezerwuj\u0119 termin&#8221; button_alignment=&#8221;center&#8221; module_class=&#8221;popup&#8221; _builder_version=&#8221;4.9.3&#8243; _module_preset=&#8221;default&#8221; custom_button=&#8221;on&#8221; button_text_color=&#8221;#ffffff&#8221; button_bg_color=&#8221;#12876F&#8221; button_border_color=&#8221;#FFFFFF&#8221; button_icon_color=&#8221;#FFFFFF&#8221; button_on_hover=&#8221;off&#8221; animation_style=&#8221;slide&#8221; button_text_shadow_style=&#8221;preset3&#8243; button_text_shadow_color=&#8221;#FFFFFF&#8221; box_shadow_style=&#8221;preset1&#8243; box_shadow_color=&#8221;#FFFFFF&#8221;][\/et_pb_button][et_pb_wc_tabs _builder_version=&#8221;3.0.47&#8243; custom_padding=&#8221;||0px|||&#8221;] [\/et_pb_wc_tabs][et_pb_button button_url=&#8221;https:\/\/calendly.com\/wieczorek-anita\/konsultacja&#8221; url_new_window=&#8221;on&#8221; button_text=&#8221;Rezerwuj\u0119 termin&#8221; button_alignment=&#8221;center&#8221; module_class=&#8221;popup&#8221; _builder_version=&#8221;4.9.3&#8243; _module_preset=&#8221;default&#8221; custom_button=&#8221;on&#8221; button_text_color=&#8221;#ffffff&#8221; button_bg_color=&#8221;#12876F&#8221; button_border_color=&#8221;#FFFFFF&#8221; button_icon_color=&#8221;#FFFFFF&#8221; button_on_hover=&#8221;off&#8221; hover_enabled=&#8221;0&#8243; button_text_shadow_style=&#8221;preset3&#8243; button_text_shadow_color=&#8221;#FFFFFF&#8221; box_shadow_style=&#8221;preset1&#8243; box_shadow_color=&#8221;#FFFFFF&#8221; sticky_enabled=&#8221;0&#8243;][\/et_pb_button][et_pb_wc_upsells _builder_version=&#8221;3.0.47&#8243; hover_enabled=&#8221;0&#8243; sticky_enabled=&#8221;0&#8243;][\/et_pb_wc_upsells][\/et_pb_column][\/et_pb_row][\/et_pb_section]<\/p>\n","protected":false},"excerpt":{"rendered":"<p>Czy wiesz, \u017ce szybciej mo\u017cesz osi\u0105gn\u0105\u0107 efekt, kiedy wiesz, gdzie znajduje si\u0119 rozwi\u0105zanie?<\/p>\n<p>Oto najskuteczniejsza forma wiedzy dopasowania do Twoich indywidualnych potrzeb, umiej\u0119tno\u015bci i do\u015bwiadcze\u0144!<\/p>\n<p>Zrozumiesz, gdzie tkwi Tw\u00f3j najsilniejszy potencja\u0142 i jak po\u0142\u0105czy\u0107 go z pasj\u0105. Odkryjesz swoje talenty, aby przeku\u0107 je w pomys\u0142 na biznes lub ukierunkowanie zawodowe. Pozb\u0119dziesz si\u0119 blokuj\u0105cych przekona\u0144 o sobie samej i na temat oczekiwa\u0144 innych.<\/p>\n<p>Natychmiast otrzymasz narz\u0119dzia i proste wskaz\u00f3wki do sprawnego zarz\u0105dzania relacjami, czasem, finansami, komunikacj\u0105 w social media, zbudowaniem stabilizacji zawodowej i osobistej. Ponadto monitoruj\u0119 Twoje post\u0119py na ka\u017cdym etapie i jeste\u015bmy w sta\u0142ym kontakcie podczas ca\u0142ego procesu, a wi\u0119c mo\u017cesz do mnie pisa\u0107, nagrywa\u0107 audio &#8211; odpowiadam tego samego dnia.<\/p>\n<p>Spotykamy si\u0119 1x co tydzie\u0144 na komunikatorze video (Zoom, WhatsApp, Messenger video, Instagram video, lub inny).<\/p>\n<p>Termin kolejnego spotkania ustalamy po ka\u017cdym spotkaniu. Mo\u017cesz wybra\u0107 pojedyncze konsultacje lub pakiet:<\/p>\n<p>3 konsultacje = 1000 z\u0142<\/p>\n<p>5 konsultacji = 1700 z\u0142<\/p>\n<p>Chcesz wiedzie\u0107, co jeszcze zyskasz? Obejrzyj wywiad ze mn\u0105:<\/p>\n\n<p>&nbsp;<\/p>\n<p>&nbsp;<\/p>\n<p>&nbsp;<\/p>\n","protected":false},"featured_media":3254,"comment_status":"closed","ping_status":"closed","template":"","meta":{"_et_pb_use_builder":"on","_et_pb_old_content":"Co si\u0119 wydarzy?\r\n<ul>\r\n \t<li>Poznasz sprawdzone sposoby poradzenia sobie nawet z najtrudniejszymi przekonaniami w \u017cyciu osobistym i zawodowym<\/li>\r\n \t<li>Odkryjesz co tak naprawd\u0119 sprawia, \u017ce bezskutecznie pr\u00f3bujemy upora\u0107 si\u0119 z trudno\u015bciami na w\u0142asn\u0105 r\u0119k\u0119<\/li>\r\n \t<li>Om\u00f3wimy kluczowe kwestie Twojego procesu zmiany z nastawieniem na osi\u0105gni\u0119cie Twojego konkretnego celu<\/li>\r\n \t<li>Znajdziemy przyczyn\u0119 Twoich niepowodze\u0144 i przeanalizujemy j\u0105, aby nast\u0119pnie wystartowa\u0107 z odpowiednim baga\u017cem wiedzy i praktycznych technik<\/li>\r\n \t<li>Otrzymujesz a\u017c 60 - minutow\u0105 indywidualn\u0105 konsultacj\u0119 na komunikatorze video<\/li>\r\n \t<li>W ci\u0105gu 1 h poznasz wi\u0119cej praktycznych wskaz\u00f3wek, ni\u017c w ci\u0105gu ostatnich miesi\u0119cy<\/li>\r\n \t<li>Po zarezerwowaniu terminu otrzymujesz wiadomo\u015b\u0107 z propozycj\u0105 termin\u00f3w konsultacji oraz dalsz\u0105 instrukcj\u0119, kt\u00f3ra pozwoli mi szybciej przeanalizowa\u0107 Twoj\u0105 sytuacj\u0119 i sprawniej Ci pom\u00f3c.<\/li>\r\n<\/ul>\r\n&nbsp;\r\n\r\n&nbsp;\r\n\r\n&nbsp;\r\n\r\n&nbsp;","_et_gb_content_width":""},"product_brand":[],"product_cat":[50],"product_tag":[],"class_list":{"0":"post-742","1":"product","2":"type-product","3":"status-publish","4":"has-post-thumbnail","6":"product_cat-usluga","8":"first","9":"instock","10":"sale","11":"virtual","12":"purchasable","13":"product-type-simple"},"yoast_head":"<!-- This site is optimized with the Yoast SEO plugin v27.6 - https:\/\/yoast.com\/product\/yoast-seo-wordpress\/ -->\n<title>Konsultacja 1h - Anita Wieczorek<\/title>\n<meta name=\"description\" content=\"Najskuteczniejsza forma wiedzy dopasowania do Twoich indywidualnych potrzeb, umiej\u0119tno\u015bci i do\u015bwiadcze\u0144. Natychmiast otrzymasz narz\u0119dzia i wskaz\u00f3wki do sprawnego rozwi\u0105zania ka\u017cdej swojej trudno\u015bci zwi\u0105zanej z zarz\u0105dzaniem relacjami, czasem, finansami, komunikacj\u0105 w social media, zbudowaniem stabilizacji zawodowej i osobistej. Wi\u0119cej o tym, co zyskasz znajdziesz tutaj: https:\/\/wieczorekanita.pl\/o-mnie\/\" \/>\n<meta name=\"robots\" content=\"index, follow, max-snippet:-1, max-image-preview:large, max-video-preview:-1\" \/>\n<link rel=\"canonical\" href=\"https:\/\/wieczorekanita.pl\/?product=konsultacja\" \/>\n<meta property=\"og:locale\" content=\"pl_PL\" \/>\n<meta property=\"og:type\" content=\"article\" \/>\n<meta property=\"og:title\" content=\"Konsultacja 1h - Anita Wieczorek\" \/>\n<meta property=\"og:description\" content=\"Najskuteczniejsza forma wiedzy dopasowania do Twoich indywidualnych potrzeb, umiej\u0119tno\u015bci i do\u015bwiadcze\u0144. Natychmiast otrzymasz narz\u0119dzia i wskaz\u00f3wki do sprawnego rozwi\u0105zania ka\u017cdej swojej trudno\u015bci zwi\u0105zanej z zarz\u0105dzaniem relacjami, czasem, finansami, komunikacj\u0105 w social media, zbudowaniem stabilizacji zawodowej i osobistej. Wi\u0119cej o tym, co zyskasz znajdziesz tutaj: https:\/\/wieczorekanita.pl\/o-mnie\/\" \/>\n<meta property=\"og:url\" content=\"https:\/\/wieczorekanita.pl\/?product=konsultacja\" \/>\n<meta property=\"og:site_name\" content=\"Anita Wieczorek\" \/>\n<meta property=\"article:modified_time\" content=\"2025-12-28T16:00:46+00:00\" \/>\n<meta property=\"og:image\" content=\"https:\/\/wieczorekanita.pl\/wp-content\/uploads\/2020\/07\/Indywidualna-konsultacja2.png\" \/>\n\t<meta property=\"og:image:width\" content=\"1414\" \/>\n\t<meta property=\"og:image:height\" content=\"2000\" \/>\n\t<meta property=\"og:image:type\" content=\"image\/png\" \/>\n<meta name=\"twitter:card\" content=\"summary_large_image\" \/>\n<meta name=\"twitter:label1\" content=\"Szacowany czas czytania\" \/>\n\t<meta name=\"twitter:data1\" content=\"2 minuty\" \/>\n<script type=\"application\/ld+json\" class=\"yoast-schema-graph\">{\"@context\":\"https:\\\/\\\/schema.org\",\"@graph\":[{\"@type\":\"WebPage\",\"@id\":\"https:\\\/\\\/wieczorekanita.pl\\\/?product=konsultacja\",\"url\":\"https:\\\/\\\/wieczorekanita.pl\\\/?product=konsultacja\",\"name\":\"Konsultacja 1h - Anita Wieczorek\",\"isPartOf\":{\"@id\":\"https:\\\/\\\/wieczorekanita.pl\\\/#website\"},\"primaryImageOfPage\":{\"@id\":\"https:\\\/\\\/wieczorekanita.pl\\\/?product=konsultacja#primaryimage\"},\"image\":{\"@id\":\"https:\\\/\\\/wieczorekanita.pl\\\/?product=konsultacja#primaryimage\"},\"thumbnailUrl\":\"https:\\\/\\\/wieczorekanita.pl\\\/wp-content\\\/uploads\\\/2020\\\/07\\\/Indywidualna-konsultacja2.png\",\"datePublished\":\"2020-07-29T10:17:40+00:00\",\"dateModified\":\"2025-12-28T16:00:46+00:00\",\"description\":\"Najskuteczniejsza forma wiedzy dopasowania do Twoich indywidualnych potrzeb, umiej\u0119tno\u015bci i do\u015bwiadcze\u0144. Natychmiast otrzymasz narz\u0119dzia i wskaz\u00f3wki do sprawnego rozwi\u0105zania ka\u017cdej swojej trudno\u015bci zwi\u0105zanej z zarz\u0105dzaniem relacjami, czasem, finansami, komunikacj\u0105 w social media, zbudowaniem stabilizacji zawodowej i osobistej. Wi\u0119cej o tym, co zyskasz znajdziesz tutaj: https:\\\/\\\/wieczorekanita.pl\\\/o-mnie\\\/\",\"breadcrumb\":{\"@id\":\"https:\\\/\\\/wieczorekanita.pl\\\/?product=konsultacja#breadcrumb\"},\"inLanguage\":\"pl-PL\",\"potentialAction\":[{\"@type\":\"ReadAction\",\"target\":[\"https:\\\/\\\/wieczorekanita.pl\\\/?product=konsultacja\"]}]},{\"@type\":\"ImageObject\",\"inLanguage\":\"pl-PL\",\"@id\":\"https:\\\/\\\/wieczorekanita.pl\\\/?product=konsultacja#primaryimage\",\"url\":\"https:\\\/\\\/wieczorekanita.pl\\\/wp-content\\\/uploads\\\/2020\\\/07\\\/Indywidualna-konsultacja2.png\",\"contentUrl\":\"https:\\\/\\\/wieczorekanita.pl\\\/wp-content\\\/uploads\\\/2020\\\/07\\\/Indywidualna-konsultacja2.png\",\"width\":1414,\"height\":2000},{\"@type\":\"BreadcrumbList\",\"@id\":\"https:\\\/\\\/wieczorekanita.pl\\\/?product=konsultacja#breadcrumb\",\"itemListElement\":[{\"@type\":\"ListItem\",\"position\":1,\"name\":\"Strona g\u0142\u00f3wna\",\"item\":\"https:\\\/\\\/wieczorekanita.pl\\\/\"},{\"@type\":\"ListItem\",\"position\":2,\"name\":\"Produkty\",\"item\":\"https:\\\/\\\/wieczorekanita.pl\\\/shop\\\/\"},{\"@type\":\"ListItem\",\"position\":3,\"name\":\"Konsultacja 1h\"}]},{\"@type\":\"WebSite\",\"@id\":\"https:\\\/\\\/wieczorekanita.pl\\\/#website\",\"url\":\"https:\\\/\\\/wieczorekanita.pl\\\/\",\"name\":\"Anita Wieczorek\",\"description\":\"Edukacyjno wizerunkowo-sprzeda\u017cowa\",\"publisher\":{\"@id\":\"https:\\\/\\\/wieczorekanita.pl\\\/#organization\"},\"potentialAction\":[{\"@type\":\"SearchAction\",\"target\":{\"@type\":\"EntryPoint\",\"urlTemplate\":\"https:\\\/\\\/wieczorekanita.pl\\\/?s={search_term_string}\"},\"query-input\":{\"@type\":\"PropertyValueSpecification\",\"valueRequired\":true,\"valueName\":\"search_term_string\"}}],\"inLanguage\":\"pl-PL\"},{\"@type\":\"Organization\",\"@id\":\"https:\\\/\\\/wieczorekanita.pl\\\/#organization\",\"name\":\"Anita wieczorek - Edukacyjno wizerunkowo-sprzeda\u017cowa\",\"url\":\"https:\\\/\\\/wieczorekanita.pl\\\/\",\"logo\":{\"@type\":\"ImageObject\",\"inLanguage\":\"pl-PL\",\"@id\":\"https:\\\/\\\/wieczorekanita.pl\\\/#\\\/schema\\\/logo\\\/image\\\/\",\"url\":\"http:\\\/\\\/wieczorekanita.pl\\\/wp-content\\\/uploads\\\/2019\\\/12\\\/logomin2.png\",\"contentUrl\":\"http:\\\/\\\/wieczorekanita.pl\\\/wp-content\\\/uploads\\\/2019\\\/12\\\/logomin2.png\",\"width\":393,\"height\":250,\"caption\":\"Anita wieczorek - Edukacyjno wizerunkowo-sprzeda\u017cowa\"},\"image\":{\"@id\":\"https:\\\/\\\/wieczorekanita.pl\\\/#\\\/schema\\\/logo\\\/image\\\/\"}}]}<\/script>\n<!-- \/ Yoast SEO plugin. -->","yoast_head_json":{"title":"Konsultacja 1h - Anita Wieczorek","description":"Najskuteczniejsza forma wiedzy dopasowania do Twoich indywidualnych potrzeb, umiej\u0119tno\u015bci i do\u015bwiadcze\u0144. Natychmiast otrzymasz narz\u0119dzia i wskaz\u00f3wki do sprawnego rozwi\u0105zania ka\u017cdej swojej trudno\u015bci zwi\u0105zanej z zarz\u0105dzaniem relacjami, czasem, finansami, komunikacj\u0105 w social media, zbudowaniem stabilizacji zawodowej i osobistej. Wi\u0119cej o tym, co zyskasz znajdziesz tutaj: https:\/\/wieczorekanita.pl\/o-mnie\/","robots":{"index":"index","follow":"follow","max-snippet":"max-snippet:-1","max-image-preview":"max-image-preview:large","max-video-preview":"max-video-preview:-1"},"canonical":"https:\/\/wieczorekanita.pl\/?product=konsultacja","og_locale":"pl_PL","og_type":"article","og_title":"Konsultacja 1h - Anita Wieczorek","og_description":"Najskuteczniejsza forma wiedzy dopasowania do Twoich indywidualnych potrzeb, umiej\u0119tno\u015bci i do\u015bwiadcze\u0144. Natychmiast otrzymasz narz\u0119dzia i wskaz\u00f3wki do sprawnego rozwi\u0105zania ka\u017cdej swojej trudno\u015bci zwi\u0105zanej z zarz\u0105dzaniem relacjami, czasem, finansami, komunikacj\u0105 w social media, zbudowaniem stabilizacji zawodowej i osobistej. Wi\u0119cej o tym, co zyskasz znajdziesz tutaj: https:\/\/wieczorekanita.pl\/o-mnie\/","og_url":"https:\/\/wieczorekanita.pl\/?product=konsultacja","og_site_name":"Anita Wieczorek","article_modified_time":"2025-12-28T16:00:46+00:00","og_image":[{"width":1414,"height":2000,"url":"https:\/\/wieczorekanita.pl\/wp-content\/uploads\/2020\/07\/Indywidualna-konsultacja2.png","type":"image\/png"}],"twitter_card":"summary_large_image","twitter_misc":{"Szacowany czas czytania":"2 minuty"},"schema":{"@context":"https:\/\/schema.org","@graph":[{"@type":"WebPage","@id":"https:\/\/wieczorekanita.pl\/?product=konsultacja","url":"https:\/\/wieczorekanita.pl\/?product=konsultacja","name":"Konsultacja 1h - Anita Wieczorek","isPartOf":{"@id":"https:\/\/wieczorekanita.pl\/#website"},"primaryImageOfPage":{"@id":"https:\/\/wieczorekanita.pl\/?product=konsultacja#primaryimage"},"image":{"@id":"https:\/\/wieczorekanita.pl\/?product=konsultacja#primaryimage"},"thumbnailUrl":"https:\/\/wieczorekanita.pl\/wp-content\/uploads\/2020\/07\/Indywidualna-konsultacja2.png","datePublished":"2020-07-29T10:17:40+00:00","dateModified":"2025-12-28T16:00:46+00:00","description":"Najskuteczniejsza forma wiedzy dopasowania do Twoich indywidualnych potrzeb, umiej\u0119tno\u015bci i do\u015bwiadcze\u0144. Natychmiast otrzymasz narz\u0119dzia i wskaz\u00f3wki do sprawnego rozwi\u0105zania ka\u017cdej swojej trudno\u015bci zwi\u0105zanej z zarz\u0105dzaniem relacjami, czasem, finansami, komunikacj\u0105 w social media, zbudowaniem stabilizacji zawodowej i osobistej. Wi\u0119cej o tym, co zyskasz znajdziesz tutaj: https:\/\/wieczorekanita.pl\/o-mnie\/","breadcrumb":{"@id":"https:\/\/wieczorekanita.pl\/?product=konsultacja#breadcrumb"},"inLanguage":"pl-PL","potentialAction":[{"@type":"ReadAction","target":["https:\/\/wieczorekanita.pl\/?product=konsultacja"]}]},{"@type":"ImageObject","inLanguage":"pl-PL","@id":"https:\/\/wieczorekanita.pl\/?product=konsultacja#primaryimage","url":"https:\/\/wieczorekanita.pl\/wp-content\/uploads\/2020\/07\/Indywidualna-konsultacja2.png","contentUrl":"https:\/\/wieczorekanita.pl\/wp-content\/uploads\/2020\/07\/Indywidualna-konsultacja2.png","width":1414,"height":2000},{"@type":"BreadcrumbList","@id":"https:\/\/wieczorekanita.pl\/?product=konsultacja#breadcrumb","itemListElement":[{"@type":"ListItem","position":1,"name":"Strona g\u0142\u00f3wna","item":"https:\/\/wieczorekanita.pl\/"},{"@type":"ListItem","position":2,"name":"Produkty","item":"https:\/\/wieczorekanita.pl\/shop\/"},{"@type":"ListItem","position":3,"name":"Konsultacja 1h"}]},{"@type":"WebSite","@id":"https:\/\/wieczorekanita.pl\/#website","url":"https:\/\/wieczorekanita.pl\/","name":"Anita Wieczorek","description":"Edukacyjno wizerunkowo-sprzeda\u017cowa","publisher":{"@id":"https:\/\/wieczorekanita.pl\/#organization"},"potentialAction":[{"@type":"SearchAction","target":{"@type":"EntryPoint","urlTemplate":"https:\/\/wieczorekanita.pl\/?s={search_term_string}"},"query-input":{"@type":"PropertyValueSpecification","valueRequired":true,"valueName":"search_term_string"}}],"inLanguage":"pl-PL"},{"@type":"Organization","@id":"https:\/\/wieczorekanita.pl\/#organization","name":"Anita wieczorek - Edukacyjno wizerunkowo-sprzeda\u017cowa","url":"https:\/\/wieczorekanita.pl\/","logo":{"@type":"ImageObject","inLanguage":"pl-PL","@id":"https:\/\/wieczorekanita.pl\/#\/schema\/logo\/image\/","url":"http:\/\/wieczorekanita.pl\/wp-content\/uploads\/2019\/12\/logomin2.png","contentUrl":"http:\/\/wieczorekanita.pl\/wp-content\/uploads\/2019\/12\/logomin2.png","width":393,"height":250,"caption":"Anita wieczorek - Edukacyjno wizerunkowo-sprzeda\u017cowa"},"image":{"@id":"https:\/\/wieczorekanita.pl\/#\/schema\/logo\/image\/"}}]}},"_links":{"self":[{"href":"https:\/\/wieczorekanita.pl\/index.php?rest_route=\/wp\/v2\/product\/742","targetHints":{"allow":["GET"]}}],"collection":[{"href":"https:\/\/wieczorekanita.pl\/index.php?rest_route=\/wp\/v2\/product"}],"about":[{"href":"https:\/\/wieczorekanita.pl\/index.php?rest_route=\/wp\/v2\/types\/product"}],"replies":[{"embeddable":true,"href":"https:\/\/wieczorekanita.pl\/index.php?rest_route=%2Fwp%2Fv2%2Fcomments&post=742"}],"wp:featuredmedia":[{"embeddable":true,"href":"https:\/\/wieczorekanita.pl\/index.php?rest_route=\/wp\/v2\/media\/3254"}],"wp:attachment":[{"href":"https:\/\/wieczorekanita.pl\/index.php?rest_route=%2Fwp%2Fv2%2Fmedia&parent=742"}],"wp:term":[{"taxonomy":"product_brand","embeddable":true,"href":"https:\/\/wieczorekanita.pl\/index.php?rest_route=%2Fwp%2Fv2%2Fproduct_brand&post=742"},{"taxonomy":"product_cat","embeddable":true,"href":"https:\/\/wieczorekanita.pl\/index.php?rest_route=%2Fwp%2Fv2%2Fproduct_cat&post=742"},{"taxonomy":"product_tag","embeddable":true,"href":"https:\/\/wieczorekanita.pl\/index.php?rest_route=%2Fwp%2Fv2%2Fproduct_tag&post=742"}],"curies":[{"name":"wp","href":"https:\/\/api.w.org\/{rel}","templated":true}]}}