{"id":375,"date":"2020-01-12T22:26:27","date_gmt":"2020-01-12T21:26:27","guid":{"rendered":"https:\/\/wieczorekanita.pl\/?page_id=375"},"modified":"2020-10-27T10:41:05","modified_gmt":"2020-10-27T09:41:05","slug":"polityka-prywatnosci-2","status":"publish","type":"page","link":"https:\/\/wieczorekanita.pl\/?page_id=375","title":{"rendered":"Polityka-prywatnosci-2"},"content":{"rendered":"<p>[et_pb_section fb_built=&#8221;1&#8243; admin_label=&#8221;Contact Section&#8221; _builder_version=&#8221;4.1&#8243; use_background_color_gradient=&#8221;on&#8221; background_color_gradient_start=&#8221;#f7f7f7&#8243; background_color_gradient_end=&#8221;#ffffff&#8221; background_color_gradient_direction=&#8221;105deg&#8221; background_color_gradient_start_position=&#8221;65%&#8221; background_color_gradient_end_position=&#8221;65%&#8221; custom_padding=&#8221;90px||90px|&#8221; background_last_edited=&#8221;on|phone&#8221; background_color_gradient_end_phone=&#8221;#f7f7f7&#8243;][et_pb_row admin_label=&#8221;Contact Area&#8221; module_class=&#8221; et_pb_row_fullwidth&#8221; _builder_version=&#8221;4.1&#8243; background_size=&#8221;initial&#8221; background_position=&#8221;top_left&#8221; background_repeat=&#8221;repeat&#8221; width=&#8221;100%&#8221; width_tablet=&#8221;80%&#8221; width_phone=&#8221;&#8221; width_last_edited=&#8221;on|desktop&#8221; max_width=&#8221;89%&#8221; max_width_tablet=&#8221;80%&#8221; max_width_phone=&#8221;&#8221; max_width_last_edited=&#8221;on|desktop&#8221; custom_margin=&#8221;|||&#8221; custom_padding=&#8221;27px|0px|27px|0px&#8221; make_fullwidth=&#8221;on&#8221;][et_pb_column type=&#8221;4_4&#8243; _builder_version=&#8221;3.25&#8243; custom_padding=&#8221;50px|5%|50px|10%&#8221; custom_padding__hover=&#8221;|||&#8221;][et_pb_text admin_label=&#8221;Hero Section Title&#8221; _builder_version=&#8221;4.5.1&#8243; text_font=&#8221;Montserrat||||||||&#8221; text_font_size=&#8221;18px&#8221; text_line_height=&#8221;1.8em&#8221; header_font=&#8221;Montserrat|600||on|||||&#8221; header_font_size=&#8221;48px&#8221; header_letter_spacing=&#8221;3px&#8221; header_line_height=&#8221;1.3em&#8221; header_2_font=&#8221;Montserrat|700|||||||&#8221; header_2_text_color=&#8221;rgba(255,255,255,0.6)&#8221; header_2_font_size=&#8221;90px&#8221; header_2_letter_spacing=&#8221;3px&#8221; header_2_line_height=&#8221;1.1em&#8221; max_width=&#8221;100%&#8221; module_alignment=&#8221;left&#8221; custom_margin=&#8221;|||&#8221; animation_style=&#8221;fade&#8221; animation_direction=&#8221;bottom&#8221; animation_starting_opacity=&#8221;100%&#8221; header_font_size_tablet=&#8221;&#8221; header_font_size_phone=&#8221;28px&#8221; header_font_size_last_edited=&#8221;on|phone&#8221; header_2_font_size_tablet=&#8221;&#8221; header_2_font_size_phone=&#8221;50px&#8221; header_2_font_size_last_edited=&#8221;on|phone&#8221;]<\/p>\n<div class=\"fusion-text\">\n<h2 data-fontsize=\"40\" data-lineheight=\"52\" style=\"text-align: left;\"><span style=\"color: #000000;\">Polityka prywatno\u015bci<\/span><\/h2>\n<\/div>\n<div class=\"fusion-sep-clear\" style=\"text-align: left;\">\n<ul>\n<li>1 Postanowienia Og\u00f3lne<\/li>\n<\/ul>\n<ol>\n<li>Niniejsza Polityka Prywatno\u015bci ma na celu zapewnienie poczucia bezpiecze\u0144stwa ka\u017cdemu u\u017cytkownikowi Witryny. Korzystanie z Witryny jest r\u00f3wnoznaczne z akceptacj\u0105 warunk\u00f3w Polityki Prywatno\u015bci.<\/li>\n<li>U\u017cyte w Polityce Prywatno\u015bci definicje nale\u017cy rozumie\u0107 w nast\u0119puj\u0105cy spos\u00f3b:<\/li>\n<li>a) U\u017cytkownik \u2013 osoba fizyczna odwiedzaj\u0105ca Witryn\u0119,<\/li>\n<li>b) Administrator \u2013 administratorem danych jest strona <a href=\"http:\/\/www.wieczorekanita.pl\">www.wieczorekanita.pl<\/a> prowadzona przez Anit\u0119 Wieczorek<\/li>\n<li>d) Polityka Prywatno\u015bci \u2013 niniejszy dokument.<\/li>\n<li>Na potrzeby lepszego odbioru Polityki Prywatno\u015bci termin \u201eU\u017cytkownik\u201d zosta\u0142 zast\u0105piony okre\u015bleniem \u201eTy\u201d, \u201eAdministrator\u201d \u2013 \u201eMy\u201d. Termin \u201eRODO\u201d oznacza Rozporz\u0105dzenie Parlamentu Europejskiego i Rady (UE) 2016\/679 z dnia 27 kwietnia 2016 r. w sprawie ochrony os\u00f3b fizycznych w zwi\u0105zku z przetwarzaniem danych osobowych i w sprawie swobodnego przep\u0142ywu takich danych oraz uchylenia dyrektywy 95\/46\/WE.<\/li>\n<li>Administrator zaleca korzystanie z najnowszych wersji przegl\u0105darek internetowych. W przypadku korzystania przez U\u017cytkownika ze starszych wersji przegl\u0105darek lub\/i innych ni\u017c najnowsze, kt\u00f3re s\u0105 dost\u0119pne, Administrator nie gwarantuje poprawnego dzia\u0142ania Witryny.<\/li>\n<\/ol>\n<p>&nbsp;<\/p>\n<ul>\n<li>2 Administrator Danych Osobowych<\/li>\n<\/ul>\n<ol>\n<li>Dane, w tym dane osobowe, to pozyskane za pomoc\u0105 formularzy od U\u017cytkownika pozostawione w trakcie wizyty w Witrynie.<\/li>\n<li>Przetwarzamy dane osobowe takie jak: imi\u0119 oraz adres e-mail.<\/li>\n<li>Dane osobowe przetwarzane s\u0105:<\/li>\n<li>a) zgodnie z przepisami dotycz\u0105cymi ochrony danych osobowych,<\/li>\n<li>b) zgodnie z wdro\u017con\u0105 Polityk\u0105 Prywatno\u015bci,<\/li>\n<li>c) w zakresie i celu zgodnym ze zgod\u0105 wyra\u017con\u0105 przez Ciebie na Witrynie,<\/li>\n<li>d) w zakresie i celu niezb\u0119dnym do wype\u0142nienia uzasadnionych interes\u00f3w (prawnie usprawiedliwionych cel\u00f3w), a przetwarzanie nie narusza praw i wolno\u015bci osoby, kt\u00f3rej dane dotycz\u0105.<\/li>\n<li>Ka\u017cda osoba, kt\u00f3rej dane dotycz\u0105 (je\u017celi jeste\u015bmy ich administratorem) ma prawo dost\u0119pu do danych, sprostowania, usuni\u0119cia lub ograniczenia przetwarzania, prawo sprzeciwu, prawo wniesienia skargi do organu nadzorczego.<\/li>\n<li>Kontakt z osob\u0105 nadzoruj\u0105c\u0105 przetwarzanie danych osobowych w organizacji Administratora jest mo\u017cliwy drog\u0105 elektroniczn\u0105 pod adresem e-mail: <a href=\"mailto:info@wieczorekanita.pl\">info@wieczorekanita.pl<\/a><\/li>\n<\/ol>\n<p>&nbsp;<\/p>\n<ol start=\"6\">\n<li>Zastrzegamy sobie prawdo do przetwarzania Twoich danych do czasu cofni\u0119cia zgody, lecz nie d\u0142u\u017cej ni\u017c: 30 dni.<\/li>\n<li>Usuni\u0119cie danych osobowych mo\u017ce nast\u0105pi\u0107 na skutek cofni\u0119cia zgody b\u0105d\u017a wniesienia prawnie dopuszczalnego sprzeciwu na przetwarzanie danych osobowych.<\/li>\n<li>Zastrzegamy sobie prawo do przetwarzania Twoich danych po cofni\u0119ciu zgody tylko w zakresie na potrzeby dochodzenia ewentualnych roszcze\u0144 przed s\u0105dem lub je\u017celi przepisy krajowe albo unijne b\u0105d\u017a prawa mi\u0119dzynarodowego obliguj\u0105 nas do retencji danych.<\/li>\n<\/ol>\n<p>&nbsp;<\/p>\n<ul>\n<li>3 Ochrona Danych Osobowych<\/li>\n<\/ul>\n<ol>\n<li>Ochrona danych odbywa si\u0119 zgodnie z wymogami powszechnie obowi\u0105zuj\u0105cych przepis\u00f3w prawa, a ich przechowywanie ma miejsce na zabezpieczonych serwerach.<\/li>\n<li>Szanujemy prawo do prywatno\u015bci i dbamy o bezpiecze\u0144stwo danych.<\/li>\n<li>Dane osobowe podawane na Witrynie s\u0105 traktowane jako poufne i nie s\u0105 widoczne dla os\u00f3b postronnych za wyj\u0105tkiem Administratora oraz uprawnionych os\u00f3b po stronie Administratora.<\/li>\n<li>Administrator nie udost\u0119pniania danych osobowych innym podmiotom, ani\u017celi upowa\u017cnionym na podstawie w\u0142a\u015bciwych przepis\u00f3w prawa.<\/li>\n<li>Wdro\u017cyli\u015bmy pseudonimizacj\u0119, szyfrowanie danych oraz mamy wprowadzon\u0105 kontrol\u0119 dost\u0119pu dzi\u0119ki czemu minimalizujemy skutki ewentualnego naruszenia bezpiecze\u0144stwa danych.<\/li>\n<li>Dane osobowe przetwarzaj\u0105 osoby wy\u0142\u0105cznie upowa\u017cnione przez nas albo przetwarzaj\u0105cy, z kt\u00f3rymi \u015bci\u015ble wsp\u00f3\u0142pracujemy.<\/li>\n<li>O\u015bwiadczamy, \u017ce zapewniamy wystarczaj\u0105ce gwarancje wdro\u017cenia odpowiednich \u015brodk\u00f3w technicznych i organizacyjnych, by przetwarzanie spe\u0142nia\u0142o wymogi Rozporz\u0105dzenia Parlamentu Europejskiego i Rady (UE) 2016\/679 z dnia 27 kwietnia 2016 r. w sprawie ochrony os\u00f3b fizycznych w zwi\u0105zku z przetwarzaniem danych osobowych i w sprawie swobodnego przep\u0142ywu takich danych oraz uchylenia dyrektywy 95\/46\/WE (dalej \u201eRODO) i chroni\u0142o prawa os\u00f3b, kt\u00f3rych dane dotycz\u0105.<\/li>\n<li>O\u015bwiadczamy, \u017ce:<\/li>\n<li>a) przetwarzamy dane osobowe wy\u0142\u0105cznie na udokumentowane polecenie odwiedzaj\u0105cego witryn\u0119, dotyczy to te\u017c przekazywania danych osobowych do pa\u0144stwa trzeciego lub organizacji mi\u0119dzynarodowej \u2013 chyba \u017ce obowi\u0105zek taki nak\u0142ada na nas prawo Unii lub prawo pa\u0144stwa cz\u0142onkowskiego, kt\u00f3remu podlegamy.<\/li>\n<li>b) zapewniamy, by osoby upowa\u017cnione do przetwarzania danych osobowych zobowi\u0105za\u0142y si\u0119 do zachowania tajemnicy,<\/li>\n<li>c) podejmuje wszelkie \u015brodki wymagane na mocy art. 32 RODO,<\/li>\n<li>d) przestrzegamy warunk\u00f3w korzystania z us\u0142ug innego podmiotu przetwarzaj\u0105cego, o kt\u00f3rych mowa w art. 28 ust. 2 i 4 RODO,<\/li>\n<\/ol>\n<p>&nbsp;<\/p>\n<ul>\n<li>4 Informacje o cookies<\/li>\n<\/ul>\n<ol>\n<li>Witryna u\u017cywa cookies. S\u0105 to niewielkie pliki tekstowe wysy\u0142ane przez serwer www i przechowywane przez oprogramowanie komputera przegl\u0105darki. Kiedy przegl\u0105darka ponownie po\u0142\u0105czy si\u0119 ze stron\u0105, witryna rozpoznaje rodzaj urz\u0105dzenia, z kt\u00f3rego \u0142\u0105czy si\u0119 u\u017cytkownik. Parametry pozwalaj\u0105 na odczytanie informacji w nich zawartych jedynie serwerowi, kt\u00f3ry je utworzy\u0142. Cookies u\u0142atwiaj\u0105 wi\u0119c korzystanie z wcze\u015bniej odwiedzonych witryn.<\/li>\n<li>Gromadzone informacje dotycz\u0105 adresu IP, typu wykorzystywanej przegl\u0105darki, j\u0119zyka, rodzaju systemu operacyjnego, dostawcy us\u0142ug internetowych, informacji o czasie i dacie, lokalizacji oraz informacji przesy\u0142anych do witryny za po\u015brednictwem formularza kontaktowego.<\/li>\n<li>Cookies, kt\u00f3re s\u0105 przetwarzane analizuj\u0105 anonimowe informacje na temat u\u017cywania Witryny. Cookies pomagaj\u0105 udoskonala\u0107 funkcjonalno\u015b\u0107 witryny i dostosowa\u0107 go lepiej do oczekiwa\u0144 i potrzeb os\u00f3b odwiedzaj\u0105cych. Cookies gromadz\u0105 anonimowe informacje, odnotowuj\u0105 tendencje wyst\u0119puj\u0105ce w witrynie bez identyfikowania poszczeg\u00f3lnych os\u00f3b. Narz\u0119dzia analityczne korzystaj\u0105 z w\u0142asnych cookies do analizowania dzia\u0142a\u0144 os\u00f3b odwiedzaj\u0105cych. Cookies te s\u0142u\u017c\u0105 do przechowywania informacji, np. czasu rozpocz\u0119cia bie\u017c\u0105cych odwiedzin oraz tego, czy osoba odwiedzaj\u0105ca by\u0142a ju\u017c kiedy\u015b na stronie, z jakiej witryny trafi\u0142a, jakiej rozdzielczo\u015bci ekranu jest jej urz\u0105dzenie, jak porusza si\u0119 po stronie etc.<\/li>\n<li>Ka\u017cda osoba przegl\u0105daj\u0105ca witryn\u0119 powinna poprzez modyfikacj\u0119 ustawie\u0144 swojej przegl\u0105darki internetowej zarz\u0105dza\u0107 cookies. Je\u017celi nie chcesz z nich korzysta\u0107 mo\u017cesz uniemo\u017cliwi\u0107 zapisywanie cookies na swoim urz\u0105dzeniu b\u0105d\u017a zapisane pliki trwale usun\u0105\u0107. Informujemy, \u017ce mo\u017ce to jednak wp\u0142yn\u0105\u0107 na pogorszenie jako\u015bci dzia\u0142ania witryny przez brak zbierania cookies i odczytywania na ich podstawie informacji.<\/li>\n<li>Na naszej Witrynie wykorzystujemy nast\u0119puj\u0105ce pliki cookies:<\/li>\n<li>a) \u201eniezb\u0119dne\u201d pliki cookies, umo\u017cliwiaj\u0105ce korzystanie z us\u0142ug dost\u0119pnych w ramach serwisu, np. uwierzytelniaj\u0105ce pliki cookies wykorzystywane do us\u0142ug wymagaj\u0105cych uwierzytelniania w ramach serwisu;<\/li>\n<li>b) pliki cookies s\u0142u\u017c\u0105ce do zapewnienia bezpiecze\u0144stwa, np. wykorzystywane do wykrywania nadu\u017cy\u0107 w zakresie uwierzytelniania w ramach serwisu;<\/li>\n<li>c) \u201ewydajno\u015bciowe\u201d pliki cookies, umo\u017cliwiaj\u0105ce zbieranie informacji o sposobie korzystania ze stron internetowych serwisu;<\/li>\n<li>d) \u201efunkcjonalne\u201d pliki cookies, umo\u017cliwiaj\u0105ce \u201ezapami\u0119tanie\u201d wybranych przez u\u017cytkownika ustawie\u0144 i personalizacj\u0119 interfejsu u\u017cytkownika, np. w zakresie wybranego j\u0119zyka lub regionu, z kt\u00f3rego pochodzi u\u017cytkownik, rozmiaru czcionki, wygl\u0105du strony internetowej itp.;<\/li>\n<li>e) \u201ereklamowe\u201d pliki cookies, umo\u017cliwiaj\u0105ce dostarczanie u\u017cytkownikom tre\u015bci reklamowych bardziej dostosowanych do ich zainteresowa\u0144.<\/li>\n<\/ol>\n<\/div>\n<div class=\"fusion-separator sep-single sep-solid\" style=\"text-align: left;\"><\/div>\n<div class=\"fusion-text\">\n<p style=\"text-align: left;\">\n<\/div>\n<p>[\/et_pb_text][\/et_pb_column][\/et_pb_row][\/et_pb_section]<\/p>\n","protected":false},"excerpt":{"rendered":"<p>[et_pb_section fb_built=&#8221;1&#8243; admin_label=&#8221;Contact Section&#8221; _builder_version=&#8221;4.1&#8243; use_background_color_gradient=&#8221;on&#8221; background_color_gradient_start=&#8221;#f7f7f7&#8243; background_color_gradient_end=&#8221;#ffffff&#8221; background_color_gradient_direction=&#8221;105deg&#8221; background_color_gradient_start_position=&#8221;65%&#8221; background_color_gradient_end_position=&#8221;65%&#8221; custom_padding=&#8221;90px||90px|&#8221; background_last_edited=&#8221;on|phone&#8221; background_color_gradient_end_phone=&#8221;#f7f7f7&#8243;][et_pb_row admin_label=&#8221;Contact Area&#8221; module_class=&#8221; et_pb_row_fullwidth&#8221; _builder_version=&#8221;4.1&#8243; background_size=&#8221;initial&#8221; background_position=&#8221;top_left&#8221; background_repeat=&#8221;repeat&#8221; width=&#8221;100%&#8221; width_tablet=&#8221;80%&#8221; width_phone=&#8221;&#8221; width_last_edited=&#8221;on|desktop&#8221; max_width=&#8221;89%&#8221; max_width_tablet=&#8221;80%&#8221; max_width_phone=&#8221;&#8221; max_width_last_edited=&#8221;on|desktop&#8221; custom_margin=&#8221;|||&#8221; custom_padding=&#8221;27px|0px|27px|0px&#8221; make_fullwidth=&#8221;on&#8221;][et_pb_column type=&#8221;4_4&#8243; _builder_version=&#8221;3.25&#8243; custom_padding=&#8221;50px|5%|50px|10%&#8221; custom_padding__hover=&#8221;|||&#8221;][et_pb_text admin_label=&#8221;Hero Section Title&#8221; _builder_version=&#8221;4.5.1&#8243; text_font=&#8221;Montserrat||||||||&#8221; text_font_size=&#8221;18px&#8221; text_line_height=&#8221;1.8em&#8221; header_font=&#8221;Montserrat|600||on|||||&#8221; header_font_size=&#8221;48px&#8221; header_letter_spacing=&#8221;3px&#8221; header_line_height=&#8221;1.3em&#8221; header_2_font=&#8221;Montserrat|700|||||||&#8221; header_2_text_color=&#8221;rgba(255,255,255,0.6)&#8221; header_2_font_size=&#8221;90px&#8221; header_2_letter_spacing=&#8221;3px&#8221; header_2_line_height=&#8221;1.1em&#8221; max_width=&#8221;100%&#8221; module_alignment=&#8221;left&#8221; [&hellip;]<\/p>\n","protected":false},"author":1,"featured_media":0,"parent":0,"menu_order":0,"comment_status":"closed","ping_status":"closed","template":"","meta":{"_et_pb_use_builder":"on","_et_pb_old_content":"","_et_gb_content_width":"","footnotes":""},"class_list":["post-375","page","type-page","status-publish","hentry"],"yoast_head":"<!-- This site is optimized with the Yoast SEO plugin v27.6 - https:\/\/yoast.com\/product\/yoast-seo-wordpress\/ -->\n<title>Polityka-prywatnosci-2 - Anita Wieczorek<\/title>\n<meta name=\"robots\" content=\"index, follow, max-snippet:-1, max-image-preview:large, max-video-preview:-1\" \/>\n<link rel=\"canonical\" href=\"https:\/\/wieczorekanita.pl\/?page_id=375\" \/>\n<meta property=\"og:locale\" content=\"pl_PL\" \/>\n<meta property=\"og:type\" content=\"article\" \/>\n<meta property=\"og:title\" content=\"Polityka-prywatnosci-2 - Anita Wieczorek\" \/>\n<meta property=\"og:description\" content=\"[et_pb_section fb_built=&#8221;1&#8243; admin_label=&#8221;Contact Section&#8221; _builder_version=&#8221;4.1&#8243; use_background_color_gradient=&#8221;on&#8221; background_color_gradient_start=&#8221;#f7f7f7&#8243; background_color_gradient_end=&#8221;#ffffff&#8221; background_color_gradient_direction=&#8221;105deg&#8221; background_color_gradient_start_position=&#8221;65%&#8221; background_color_gradient_end_position=&#8221;65%&#8221; custom_padding=&#8221;90px||90px|&#8221; background_last_edited=&#8221;on|phone&#8221; background_color_gradient_end_phone=&#8221;#f7f7f7&#8243;][et_pb_row admin_label=&#8221;Contact Area&#8221; module_class=&#8221; et_pb_row_fullwidth&#8221; _builder_version=&#8221;4.1&#8243; background_size=&#8221;initial&#8221; background_position=&#8221;top_left&#8221; background_repeat=&#8221;repeat&#8221; width=&#8221;100%&#8221; width_tablet=&#8221;80%&#8221; width_phone=&#8221;&#8221; width_last_edited=&#8221;on|desktop&#8221; max_width=&#8221;89%&#8221; max_width_tablet=&#8221;80%&#8221; max_width_phone=&#8221;&#8221; max_width_last_edited=&#8221;on|desktop&#8221; custom_margin=&#8221;|||&#8221; custom_padding=&#8221;27px|0px|27px|0px&#8221; make_fullwidth=&#8221;on&#8221;][et_pb_column type=&#8221;4_4&#8243; _builder_version=&#8221;3.25&#8243; custom_padding=&#8221;50px|5%|50px|10%&#8221; custom_padding__hover=&#8221;|||&#8221;][et_pb_text admin_label=&#8221;Hero Section Title&#8221; _builder_version=&#8221;4.5.1&#8243; text_font=&#8221;Montserrat||||||||&#8221; text_font_size=&#8221;18px&#8221; text_line_height=&#8221;1.8em&#8221; header_font=&#8221;Montserrat|600||on|||||&#8221; header_font_size=&#8221;48px&#8221; header_letter_spacing=&#8221;3px&#8221; header_line_height=&#8221;1.3em&#8221; header_2_font=&#8221;Montserrat|700|||||||&#8221; header_2_text_color=&#8221;rgba(255,255,255,0.6)&#8221; header_2_font_size=&#8221;90px&#8221; header_2_letter_spacing=&#8221;3px&#8221; header_2_line_height=&#8221;1.1em&#8221; max_width=&#8221;100%&#8221; module_alignment=&#8221;left&#8221; [&hellip;]\" \/>\n<meta property=\"og:url\" content=\"https:\/\/wieczorekanita.pl\/?page_id=375\" \/>\n<meta property=\"og:site_name\" content=\"Anita Wieczorek\" \/>\n<meta property=\"article:modified_time\" content=\"2020-10-27T09:41:05+00:00\" \/>\n<meta name=\"twitter:card\" content=\"summary_large_image\" \/>\n<meta name=\"twitter:label1\" content=\"Szacowany czas czytania\" \/>\n\t<meta name=\"twitter:data1\" content=\"7 minut\" \/>\n<script type=\"application\/ld+json\" class=\"yoast-schema-graph\">{\"@context\":\"https:\\\/\\\/schema.org\",\"@graph\":[{\"@type\":\"WebPage\",\"@id\":\"https:\\\/\\\/wieczorekanita.pl\\\/?page_id=375\",\"url\":\"https:\\\/\\\/wieczorekanita.pl\\\/?page_id=375\",\"name\":\"Polityka-prywatnosci-2 - Anita Wieczorek\",\"isPartOf\":{\"@id\":\"https:\\\/\\\/wieczorekanita.pl\\\/#website\"},\"datePublished\":\"2020-01-12T21:26:27+00:00\",\"dateModified\":\"2020-10-27T09:41:05+00:00\",\"breadcrumb\":{\"@id\":\"https:\\\/\\\/wieczorekanita.pl\\\/?page_id=375#breadcrumb\"},\"inLanguage\":\"pl-PL\",\"potentialAction\":[{\"@type\":\"ReadAction\",\"target\":[\"https:\\\/\\\/wieczorekanita.pl\\\/?page_id=375\"]}]},{\"@type\":\"BreadcrumbList\",\"@id\":\"https:\\\/\\\/wieczorekanita.pl\\\/?page_id=375#breadcrumb\",\"itemListElement\":[{\"@type\":\"ListItem\",\"position\":1,\"name\":\"Strona g\u0142\u00f3wna\",\"item\":\"https:\\\/\\\/wieczorekanita.pl\\\/\"},{\"@type\":\"ListItem\",\"position\":2,\"name\":\"Polityka-prywatnosci-2\"}]},{\"@type\":\"WebSite\",\"@id\":\"https:\\\/\\\/wieczorekanita.pl\\\/#website\",\"url\":\"https:\\\/\\\/wieczorekanita.pl\\\/\",\"name\":\"Anita Wieczorek\",\"description\":\"Edukacyjno wizerunkowo-sprzeda\u017cowa\",\"publisher\":{\"@id\":\"https:\\\/\\\/wieczorekanita.pl\\\/#organization\"},\"potentialAction\":[{\"@type\":\"SearchAction\",\"target\":{\"@type\":\"EntryPoint\",\"urlTemplate\":\"https:\\\/\\\/wieczorekanita.pl\\\/?s={search_term_string}\"},\"query-input\":{\"@type\":\"PropertyValueSpecification\",\"valueRequired\":true,\"valueName\":\"search_term_string\"}}],\"inLanguage\":\"pl-PL\"},{\"@type\":\"Organization\",\"@id\":\"https:\\\/\\\/wieczorekanita.pl\\\/#organization\",\"name\":\"Anita wieczorek - Edukacyjno wizerunkowo-sprzeda\u017cowa\",\"url\":\"https:\\\/\\\/wieczorekanita.pl\\\/\",\"logo\":{\"@type\":\"ImageObject\",\"inLanguage\":\"pl-PL\",\"@id\":\"https:\\\/\\\/wieczorekanita.pl\\\/#\\\/schema\\\/logo\\\/image\\\/\",\"url\":\"http:\\\/\\\/wieczorekanita.pl\\\/wp-content\\\/uploads\\\/2019\\\/12\\\/logomin2.png\",\"contentUrl\":\"http:\\\/\\\/wieczorekanita.pl\\\/wp-content\\\/uploads\\\/2019\\\/12\\\/logomin2.png\",\"width\":393,\"height\":250,\"caption\":\"Anita wieczorek - Edukacyjno wizerunkowo-sprzeda\u017cowa\"},\"image\":{\"@id\":\"https:\\\/\\\/wieczorekanita.pl\\\/#\\\/schema\\\/logo\\\/image\\\/\"}}]}<\/script>\n<!-- \/ Yoast SEO plugin. -->","yoast_head_json":{"title":"Polityka-prywatnosci-2 - Anita Wieczorek","robots":{"index":"index","follow":"follow","max-snippet":"max-snippet:-1","max-image-preview":"max-image-preview:large","max-video-preview":"max-video-preview:-1"},"canonical":"https:\/\/wieczorekanita.pl\/?page_id=375","og_locale":"pl_PL","og_type":"article","og_title":"Polityka-prywatnosci-2 - Anita Wieczorek","og_description":"[et_pb_section fb_built=&#8221;1&#8243; admin_label=&#8221;Contact Section&#8221; _builder_version=&#8221;4.1&#8243; use_background_color_gradient=&#8221;on&#8221; background_color_gradient_start=&#8221;#f7f7f7&#8243; background_color_gradient_end=&#8221;#ffffff&#8221; background_color_gradient_direction=&#8221;105deg&#8221; background_color_gradient_start_position=&#8221;65%&#8221; background_color_gradient_end_position=&#8221;65%&#8221; custom_padding=&#8221;90px||90px|&#8221; background_last_edited=&#8221;on|phone&#8221; background_color_gradient_end_phone=&#8221;#f7f7f7&#8243;][et_pb_row admin_label=&#8221;Contact Area&#8221; module_class=&#8221; et_pb_row_fullwidth&#8221; _builder_version=&#8221;4.1&#8243; background_size=&#8221;initial&#8221; background_position=&#8221;top_left&#8221; background_repeat=&#8221;repeat&#8221; width=&#8221;100%&#8221; width_tablet=&#8221;80%&#8221; width_phone=&#8221;&#8221; width_last_edited=&#8221;on|desktop&#8221; max_width=&#8221;89%&#8221; max_width_tablet=&#8221;80%&#8221; max_width_phone=&#8221;&#8221; max_width_last_edited=&#8221;on|desktop&#8221; custom_margin=&#8221;|||&#8221; custom_padding=&#8221;27px|0px|27px|0px&#8221; make_fullwidth=&#8221;on&#8221;][et_pb_column type=&#8221;4_4&#8243; _builder_version=&#8221;3.25&#8243; custom_padding=&#8221;50px|5%|50px|10%&#8221; custom_padding__hover=&#8221;|||&#8221;][et_pb_text admin_label=&#8221;Hero Section Title&#8221; _builder_version=&#8221;4.5.1&#8243; text_font=&#8221;Montserrat||||||||&#8221; text_font_size=&#8221;18px&#8221; text_line_height=&#8221;1.8em&#8221; header_font=&#8221;Montserrat|600||on|||||&#8221; header_font_size=&#8221;48px&#8221; header_letter_spacing=&#8221;3px&#8221; header_line_height=&#8221;1.3em&#8221; header_2_font=&#8221;Montserrat|700|||||||&#8221; header_2_text_color=&#8221;rgba(255,255,255,0.6)&#8221; header_2_font_size=&#8221;90px&#8221; header_2_letter_spacing=&#8221;3px&#8221; header_2_line_height=&#8221;1.1em&#8221; max_width=&#8221;100%&#8221; module_alignment=&#8221;left&#8221; [&hellip;]","og_url":"https:\/\/wieczorekanita.pl\/?page_id=375","og_site_name":"Anita Wieczorek","article_modified_time":"2020-10-27T09:41:05+00:00","twitter_card":"summary_large_image","twitter_misc":{"Szacowany czas czytania":"7 minut"},"schema":{"@context":"https:\/\/schema.org","@graph":[{"@type":"WebPage","@id":"https:\/\/wieczorekanita.pl\/?page_id=375","url":"https:\/\/wieczorekanita.pl\/?page_id=375","name":"Polityka-prywatnosci-2 - Anita Wieczorek","isPartOf":{"@id":"https:\/\/wieczorekanita.pl\/#website"},"datePublished":"2020-01-12T21:26:27+00:00","dateModified":"2020-10-27T09:41:05+00:00","breadcrumb":{"@id":"https:\/\/wieczorekanita.pl\/?page_id=375#breadcrumb"},"inLanguage":"pl-PL","potentialAction":[{"@type":"ReadAction","target":["https:\/\/wieczorekanita.pl\/?page_id=375"]}]},{"@type":"BreadcrumbList","@id":"https:\/\/wieczorekanita.pl\/?page_id=375#breadcrumb","itemListElement":[{"@type":"ListItem","position":1,"name":"Strona g\u0142\u00f3wna","item":"https:\/\/wieczorekanita.pl\/"},{"@type":"ListItem","position":2,"name":"Polityka-prywatnosci-2"}]},{"@type":"WebSite","@id":"https:\/\/wieczorekanita.pl\/#website","url":"https:\/\/wieczorekanita.pl\/","name":"Anita Wieczorek","description":"Edukacyjno wizerunkowo-sprzeda\u017cowa","publisher":{"@id":"https:\/\/wieczorekanita.pl\/#organization"},"potentialAction":[{"@type":"SearchAction","target":{"@type":"EntryPoint","urlTemplate":"https:\/\/wieczorekanita.pl\/?s={search_term_string}"},"query-input":{"@type":"PropertyValueSpecification","valueRequired":true,"valueName":"search_term_string"}}],"inLanguage":"pl-PL"},{"@type":"Organization","@id":"https:\/\/wieczorekanita.pl\/#organization","name":"Anita wieczorek - Edukacyjno wizerunkowo-sprzeda\u017cowa","url":"https:\/\/wieczorekanita.pl\/","logo":{"@type":"ImageObject","inLanguage":"pl-PL","@id":"https:\/\/wieczorekanita.pl\/#\/schema\/logo\/image\/","url":"http:\/\/wieczorekanita.pl\/wp-content\/uploads\/2019\/12\/logomin2.png","contentUrl":"http:\/\/wieczorekanita.pl\/wp-content\/uploads\/2019\/12\/logomin2.png","width":393,"height":250,"caption":"Anita wieczorek - Edukacyjno wizerunkowo-sprzeda\u017cowa"},"image":{"@id":"https:\/\/wieczorekanita.pl\/#\/schema\/logo\/image\/"}}]}},"_links":{"self":[{"href":"https:\/\/wieczorekanita.pl\/index.php?rest_route=\/wp\/v2\/pages\/375","targetHints":{"allow":["GET"]}}],"collection":[{"href":"https:\/\/wieczorekanita.pl\/index.php?rest_route=\/wp\/v2\/pages"}],"about":[{"href":"https:\/\/wieczorekanita.pl\/index.php?rest_route=\/wp\/v2\/types\/page"}],"author":[{"embeddable":true,"href":"https:\/\/wieczorekanita.pl\/index.php?rest_route=\/wp\/v2\/users\/1"}],"replies":[{"embeddable":true,"href":"https:\/\/wieczorekanita.pl\/index.php?rest_route=%2Fwp%2Fv2%2Fcomments&post=375"}],"version-history":[{"count":6,"href":"https:\/\/wieczorekanita.pl\/index.php?rest_route=\/wp\/v2\/pages\/375\/revisions"}],"predecessor-version":[{"id":3388,"href":"https:\/\/wieczorekanita.pl\/index.php?rest_route=\/wp\/v2\/pages\/375\/revisions\/3388"}],"wp:attachment":[{"href":"https:\/\/wieczorekanita.pl\/index.php?rest_route=%2Fwp%2Fv2%2Fmedia&parent=375"}],"curies":[{"name":"wp","href":"https:\/\/api.w.org\/{rel}","templated":true}]}}